{"id":132,"date":"2024-05-19T00:41:39","date_gmt":"2024-05-19T00:41:39","guid":{"rendered":"https:\/\/protectomx.com\/shop\/?post_type=product&#038;p=132"},"modified":"2024-07-04T17:13:56","modified_gmt":"2024-07-04T17:13:56","slug":"fester-acriton","status":"publish","type":"product","link":"https:\/\/protectomx.com\/shop\/producto\/fester-acriton\/","title":{"rendered":"Fester Acriton"},"content":{"rendered":"<ul>\n<li>La tecnolog\u00eda patentada LONG LIFE de Henkel: Alto desempe\u00f1o y duraci\u00f3n que proporciona la resina de ACRITON.<\/li>\n<li>Alcanza un puenteo en grietas hasta 6.4 mm en horizontal y 4.1 mm en angular.<\/li>\n<li>Debido a su mejora en desempe\u00f1o tiene una resistencia superior a la lluvia, rayos UV, fr\u00edo, sequ\u00eda y polvo.<\/li>\n<li>No se vuelve r\u00edgido o quebradizo conservando propiedades de elongaci\u00f3n y flexibilidad a\u00fan con el paso del tiempo por lo que ahora, la duraci\u00f3n del sistema impermeable es de 4, 6 y 8 a\u00f1os respectivamente.<\/li>\n<li>Ahora tiene resistencia al tr\u00e1fico peatonal moderado debido a su mejora significativa en la resistencia al desgaste.<\/li>\n<li>La nueva formulaci\u00f3n ha permitido optimizar su desempe\u00f1o (puenteo) ante grietas y fisuras a\u00fan sin el uso de la malla de refuerzo.<\/li>\n<li>Secado extra r\u00e1pido: Seca en menos de 3 horas.<\/li>\n<li>Tiene la viscosidad ideal para aplicarse con brocha, rodillo o mediante sistema de aspersi\u00f3n.<\/li>\n<li>Las mejoras y beneficios logrados permiten que este sea el \u00fanico producto renovable que ofrece una garant\u00eda extendida por un 50% adicional a lo que avala la garant\u00eda original aplicando una sola capa m\u00e1s de producto.<\/li>\n<li>El Nuevo color blanco alcanza una m\u00e1xima reflectividad solar de hasta 85% y una permisividad de 0.86 que en conjunto reducen la temperatura de los techos hasta 12\u00b0C aumentando con ello, la frescura de los interiores y generando ahorros en el gasto por el uso de sistemas de aire acondicionado o ventilaci\u00f3n<\/li>\n<\/ul>\n","protected":false},"excerpt":{"rendered":"<ul>\n<li>No se vuelve r\u00edgido o quebradizo conservando propiedades de elongaci\u00f3n y flexibilidad a\u00fan con el paso del tiempo por lo que ahora, la duraci\u00f3n del sistema impermeable es de 4, 6 y 8 a\u00f1os respectivamente.<\/li>\n<li>Ahora tiene resistencia al tr\u00e1fico peatonal moderado debido a su mejora significativa en la resistencia al desgaste.<\/li>\n<li>La nueva formulaci\u00f3n ha permitido optimizar su desempe\u00f1o (puenteo) ante grietas y fisuras a\u00fan sin el uso de la malla de refuerzo.<\/li>\n<li>Secado extra r\u00e1pido: Seca en menos de 3 horas.<\/li>\n<\/ul>\n","protected":false},"featured_media":569,"comment_status":"open","ping_status":"closed","template":"","meta":{"_joinchat":[]},"product_brand":[],"product_cat":[23],"product_tag":[24,25],"class_list":{"0":"post-132","1":"product","2":"type-product","3":"status-publish","4":"has-post-thumbnail","6":"product_cat-fester","7":"product_tag-pendientes-pronunciadas","8":"product_tag-secado-extra-rapido","10":"first","11":"instock","12":"shipping-taxable","13":"purchasable","14":"product-type-simple"},"_links":{"self":[{"href":"https:\/\/protectomx.com\/shop\/wp-json\/wp\/v2\/product\/132","targetHints":{"allow":["GET"]}}],"collection":[{"href":"https:\/\/protectomx.com\/shop\/wp-json\/wp\/v2\/product"}],"about":[{"href":"https:\/\/protectomx.com\/shop\/wp-json\/wp\/v2\/types\/product"}],"replies":[{"embeddable":true,"href":"https:\/\/protectomx.com\/shop\/wp-json\/wp\/v2\/comments?post=132"}],"wp:featuredmedia":[{"embeddable":true,"href":"https:\/\/protectomx.com\/shop\/wp-json\/wp\/v2\/media\/569"}],"wp:attachment":[{"href":"https:\/\/protectomx.com\/shop\/wp-json\/wp\/v2\/media?parent=132"}],"wp:term":[{"taxonomy":"product_brand","embeddable":true,"href":"https:\/\/protectomx.com\/shop\/wp-json\/wp\/v2\/product_brand?post=132"},{"taxonomy":"product_cat","embeddable":true,"href":"https:\/\/protectomx.com\/shop\/wp-json\/wp\/v2\/product_cat?post=132"},{"taxonomy":"product_tag","embeddable":true,"href":"https:\/\/protectomx.com\/shop\/wp-json\/wp\/v2\/product_tag?post=132"}],"curies":[{"name":"wp","href":"https:\/\/api.w.org\/{rel}","templated":true}]}}