{"id":133,"date":"2024-05-19T00:49:41","date_gmt":"2024-05-19T00:49:41","guid":{"rendered":"https:\/\/protectomx.com\/shop\/?post_type=product&#038;p=133"},"modified":"2024-07-04T17:14:27","modified_gmt":"2024-07-04T17:14:27","slug":"fester-a","status":"publish","type":"product","link":"https:\/\/protectomx.com\/shop\/producto\/fester-a\/","title":{"rendered":"Fester A"},"content":{"rendered":"<ul>\n<li>Listo para usarse, f\u00e1cil y r\u00e1pido de aplicar, no contiene asbestos ni asfalto, es el\u00e1stico, buena adherencia, no forma barrera de vapor.<\/li>\n<li>En igualdad de condiciones, seca hasta 40 % m\u00e1s r\u00e1pido que cualquier producto en su tipo, por lo que en 3 horas de secado en la primera mano, permite caminar sobre el producto para continuar con el proceso de aplicaci\u00f3n del sistema.<\/li>\n<li>En temporada de lluvias. Al aplicar la primera o segunda capa y presentarse despu\u00e9s de tres horas lluvia inesperada, se logran importantes ahorros al disminuir las p\u00e9rdidas de producto por deslaves y tiempos muertos al tener que volver a aplicar.<\/li>\n<li>Adhiere en superficies h\u00famedas, no mojadas o saturadas de agua pues los poros deben estar libres para lograr la adherencia.<\/li>\n<li>Ante necesidades de terminar \u00e1reas con el sistema completo en un solo d\u00eda, Fester A de secado r\u00e1pido, permite la aplicaci\u00f3n de la segunda capa a 3 horas de secado en la primera logrando importantes ahorros en tiempo durante la ejecuci\u00f3n de los trabajos.<\/li>\n<li>Tiene resistencia a la alcalinidad del cemento y a humos industriales.<\/li>\n<li>Alta impermeabilidad al agua.<\/li>\n<li>No es t\u00f3xico, salvo ingesti\u00f3n<\/li>\n<\/ul>\n","protected":false},"excerpt":{"rendered":"<ul>\n<li>Impermeabilizante para techos y azoteas monol\u00edticas (sin movimiento estructural) horizontales e inclinadas, losas de concreto.<\/li>\n<li>Como recubrimiento protector en cubiertas de l\u00e1minas, galvanizadas o pintadas, previa aplicaci\u00f3n del Fester Sellador acr\u00edlico.<\/li>\n<li>Este producto en color blanco, se recomienda para impermeabilizar y lograr la m\u00e1xima reflectividad con lo que se a\u00edsla la radiaci\u00f3n solar, haciendo m\u00e1s confortable los interiores y logrando importantes ahorros de energ\u00eda ante el uso de sistemas de aire acondicionado.<\/li>\n<li>Debido a sus propiedades, este producto puede ser aplicado para el mantenimiento de sistemas envejecidos incluso asf\u00e1lticos, previo retiro de partes falsamente adheridas, lavado de la superficie mediante agua y cepillo, hasta lograr que la superficie quede bien limpia, y aplicando despu\u00e9s el Fester Sellador acr\u00edlico<\/li>\n<\/ul>\n","protected":false},"featured_media":21,"comment_status":"open","ping_status":"closed","template":"","meta":{"_joinchat":[]},"product_brand":[],"product_cat":[23],"product_tag":[27,26],"class_list":{"0":"post-133","1":"product","2":"type-product","3":"status-publish","4":"has-post-thumbnail","6":"product_cat-fester","7":"product_tag-acrilico","8":"product_tag-elastomerico","10":"first","11":"instock","12":"shipping-taxable","13":"purchasable","14":"product-type-simple"},"_links":{"self":[{"href":"https:\/\/protectomx.com\/shop\/wp-json\/wp\/v2\/product\/133","targetHints":{"allow":["GET"]}}],"collection":[{"href":"https:\/\/protectomx.com\/shop\/wp-json\/wp\/v2\/product"}],"about":[{"href":"https:\/\/protectomx.com\/shop\/wp-json\/wp\/v2\/types\/product"}],"replies":[{"embeddable":true,"href":"https:\/\/protectomx.com\/shop\/wp-json\/wp\/v2\/comments?post=133"}],"wp:featuredmedia":[{"embeddable":true,"href":"https:\/\/protectomx.com\/shop\/wp-json\/wp\/v2\/media\/21"}],"wp:attachment":[{"href":"https:\/\/protectomx.com\/shop\/wp-json\/wp\/v2\/media?parent=133"}],"wp:term":[{"taxonomy":"product_brand","embeddable":true,"href":"https:\/\/protectomx.com\/shop\/wp-json\/wp\/v2\/product_brand?post=133"},{"taxonomy":"product_cat","embeddable":true,"href":"https:\/\/protectomx.com\/shop\/wp-json\/wp\/v2\/product_cat?post=133"},{"taxonomy":"product_tag","embeddable":true,"href":"https:\/\/protectomx.com\/shop\/wp-json\/wp\/v2\/product_tag?post=133"}],"curies":[{"name":"wp","href":"https:\/\/api.w.org\/{rel}","templated":true}]}}